{"id":164,"date":"2020-03-30T10:20:58","date_gmt":"2020-03-30T17:20:58","guid":{"rendered":"http:\/\/tanz-mit-balance.de\/?page_id=164"},"modified":"2021-07-16T07:29:28","modified_gmt":"2021-07-16T14:29:28","slug":"philosophie","status":"publish","type":"page","link":"https:\/\/tanz-mit-balance.de\/?page_id=164","title":{"rendered":"Philosophie"},"content":{"rendered":"<p style=\"text-align: center;\"><strong>Tanzen und Bewegung inspiriert<\/strong><\/p>\n<p>&nbsp;<\/p>\n<p style=\"text-align: left;\"><strong><em>Ballettunterricht<\/em><\/strong> &#8211; qualifiziert und kreativ<strong><img loading=\"lazy\" decoding=\"async\" class=\"wp-image-214 alignleft\" src=\"http:\/\/tanz-mit-balance.de\/wp-content\/uploads\/2020\/03\/DSC04015.jpg\" alt=\"\" width=\"229\" height=\"344\" srcset=\"https:\/\/tanz-mit-balance.de\/wp-content\/uploads\/2020\/03\/DSC04015.jpg 1200w, https:\/\/tanz-mit-balance.de\/wp-content\/uploads\/2020\/03\/DSC04015-200x300.jpg 200w, https:\/\/tanz-mit-balance.de\/wp-content\/uploads\/2020\/03\/DSC04015-683x1024.jpg 683w, https:\/\/tanz-mit-balance.de\/wp-content\/uploads\/2020\/03\/DSC04015-768x1152.jpg 768w, https:\/\/tanz-mit-balance.de\/wp-content\/uploads\/2020\/03\/DSC04015-1024x1536.jpg 1024w\" sizes=\"auto, (max-width: 229px) 100vw, 229px\" \/><\/strong><\/p>\n<p style=\"text-align: left;\"><strong><em>Jazztanz<\/em> <\/strong>&#8211; vielseitig und motivierend<\/p>\n<p style=\"text-align: left;\"><strong><em>in Balance &#8211; die Gesundheitskurse<\/em><\/strong><\/p>\n<p style=\"text-align: left;\">mit Spa\u00df und Freude zur guten Haltung<\/p>\n<p style=\"text-align: left;\">flie\u00dfend und harmonisch<\/p>\n<p style=\"text-align: left;\">abwechslungsreich und gesundheitsorientiert<\/p>\n<p>&nbsp;<\/p>\n<p>Engagierte T\u00e4nzerInnen und SportlerInnen, Kreativit\u00e4t und Teamf\u00e4higkeit sorgen f\u00fcr ein sch\u00f6neres Miteinander und macht Balance erst zu dem, was es ist.<\/p>\n","protected":false},"excerpt":{"rendered":"<p>Tanzen und Bewegung inspiriert &nbsp; Ballettunterricht &#8211; qualifiziert und kreativ Jazztanz &#8211; vielseitig und motivierend in Balance &#8211; die Gesundheitskurse mit Spa\u00df und Freude zur guten Haltung flie\u00dfend und harmonisch abwechslungsreich und gesundheitsorientiert &nbsp; Engagierte T\u00e4nzerInnen und SportlerInnen, Kreativit\u00e4t und [&hellip;]<\/p>\n","protected":false},"author":2,"featured_media":0,"parent":0,"menu_order":0,"comment_status":"closed","ping_status":"closed","template":"","meta":{"footnotes":""},"class_list":["post-164","page","type-page","status-publish","hentry"],"_links":{"self":[{"href":"https:\/\/tanz-mit-balance.de\/index.php?rest_route=\/wp\/v2\/pages\/164","targetHints":{"allow":["GET"]}}],"collection":[{"href":"https:\/\/tanz-mit-balance.de\/index.php?rest_route=\/wp\/v2\/pages"}],"about":[{"href":"https:\/\/tanz-mit-balance.de\/index.php?rest_route=\/wp\/v2\/types\/page"}],"author":[{"embeddable":true,"href":"https:\/\/tanz-mit-balance.de\/index.php?rest_route=\/wp\/v2\/users\/2"}],"replies":[{"embeddable":true,"href":"https:\/\/tanz-mit-balance.de\/index.php?rest_route=%2Fwp%2Fv2%2Fcomments&post=164"}],"version-history":[{"count":5,"href":"https:\/\/tanz-mit-balance.de\/index.php?rest_route=\/wp\/v2\/pages\/164\/revisions"}],"predecessor-version":[{"id":422,"href":"https:\/\/tanz-mit-balance.de\/index.php?rest_route=\/wp\/v2\/pages\/164\/revisions\/422"}],"wp:attachment":[{"href":"https:\/\/tanz-mit-balance.de\/index.php?rest_route=%2Fwp%2Fv2%2Fmedia&parent=164"}],"curies":[{"name":"wp","href":"https:\/\/api.w.org\/{rel}","templated":true}]}}