{"id":24,"date":"2020-03-28T06:35:23","date_gmt":"2020-03-28T06:35:23","guid":{"rendered":"http:\/\/tanz-mit-balance.de\/?page_id=24"},"modified":"2020-03-30T10:56:30","modified_gmt":"2020-03-30T17:56:30","slug":"datenschutzerklaerung","status":"publish","type":"page","link":"https:\/\/tanz-mit-balance.de\/?page_id=24","title":{"rendered":"Datenschutzerkl\u00e4rung"},"content":{"rendered":"<h4><span style=\"color: #000000;\">Allgemeiner Hinweis und Pflichtinformationen<\/span><\/h4>\n<p><strong><span style=\"color: #000000;\">Benennung der verantwortlichen Stelle<br \/>\n<\/span><\/strong><span style=\"color: #000000;\">Die verantwortliche Stelle f\u00fcr die Datenverarbeitung auf dieser Website ist:<\/span><\/p>\n<p style=\"padding-left: 40px;\"><span style=\"color: #000000;\">Balance<\/span><\/p>\n<p style=\"padding-left: 40px;\"><span style=\"color: #000000;\">Beatrice Schmidt<\/span><\/p>\n<p style=\"padding-left: 40px;\"><span style=\"color: #000000;\">Hollerstr. 122<\/span><\/p>\n<p style=\"padding-left: 40px;\"><span style=\"color: #000000;\">24782 B\u00fcdelsdorf<\/span><\/p>\n<p><span style=\"color: #000000;\">Die verantwortliche Stelle entscheidet allein oder gemeinsam mit anderen \u00fcber die Zwecke und Mittel der Verarbeitung von personenbezogenen Daten (z.B. Namen, Kontaktdaten o. \u00c4.).<\/span><\/p>\n<p><span style=\"color: #000000;\"><strong>Widerruf Ihrer Einwilligung zur Datenverarbeitung<br \/>\n<\/strong><\/span><span style=\"color: #000000;\">Nur mit Ihrer ausdr\u00fccklichen Einwilligung sind einige Vorg\u00e4nge der Datenverarbeitung m\u00f6glich. Ein Widerruf Ihrer bereits erteilten Einwilligung ist jederzeit m\u00f6glich. F\u00fcr den Widerruf gen\u00fcgt eine formlose Mitteilung per E-Mail. Die Rechtm\u00e4\u00dfigkeit der bis zum Widerruf erfolgten Datenverarbeitung bleibt vom Widerruf unber\u00fchrt.<\/span><\/p>\n<p><span style=\"color: #000000;\"><strong>Recht auf Beschwerde bei der zust\u00e4ndigen Aufsichtsbeh\u00f6rde<\/strong><\/span><br \/>\n<span style=\"color: #000000;\">Als Betroffener steht Ihnen im Falle eines datenschutzrechtlichen Versto\u00dfes ein Beschwerderecht bei der zust\u00e4ndigen Aufsichtsbeh\u00f6rde zu. Zust\u00e4ndige Aufsichtsbeh\u00f6rde bez\u00fcglich datenschutzrechtlicher Fragen ist der Landesdatenschutzbeauftragte des Bundeslandes, in dem sich der Sitz unseres Unternehmens befindet. Der folgende Link stellt eine Liste der Datenschutzbeauftragten sowie deren Kontaktdaten bereit: https:\/\/www.bfdi.bund.de\/DE\/Infothek\/Anschriften_Links\/anschriften_links-node.html.<\/span><\/p>\n<p><span style=\"color: #000000;\"><strong>Recht auf Daten\u00fcbertragbarkeit<\/strong><\/span><br \/>\n<span style=\"color: #000000;\">Ihnen steht das Recht zu, Daten, die wir auf Grundlage Ihrer Einwilligung oder in Erf\u00fcllung eines Vertrags automatisiert verarbeiten, an sich oder an Dritte aush\u00e4ndigen zu lassen. Die Bereitstellung erfolgt in einem maschinenlesbaren Format. Sofern Sie die direkte \u00dcbertragung der Daten an einen anderen Verantwortlichen verlangen, erfolgt dies nur, soweit es technisch machbar ist.<\/span><\/p>\n<p><span style=\"color: #000000;\"><strong>Recht auf Auskunft, Berichtigung, Sperrung, L\u00f6schung<\/strong><\/span><br \/>\n<span style=\"color: #000000;\">Sie haben jederzeit im Rahmen der geltenden gesetzlichen Bestimmungen das Recht auf unentgeltliche Auskunft \u00fcber Ihre gespeicherten personenbezogenen Daten, Herkunft der Daten, deren Empf\u00e4nger und den Zweck der Datenverarbeitung und ggf. ein Recht auf Berichtigung, Sperrung oder L\u00f6schung dieser Daten. Diesbez\u00fcglich und auch zu weiteren Fragen zum Thema personenbezogene Daten k\u00f6nnen Sie sich jederzeit \u00fcber die im Impressum aufgef\u00fchrten Kontaktm\u00f6glichkeiten an uns wenden.<\/span><\/p>\n<p><span style=\"color: #000000;\"><strong>SSL- bzw. TLS-Verschl\u00fcsselung<\/strong><\/span><br \/>\n<span style=\"color: #000000;\">Aus Sicherheitsgr\u00fcnden und zum Schutz der \u00dcbertragung vertraulicher Inhalte, die Sie an uns als Seitenbetreiber senden, nutzt unsere Website eine SSL-bzw. TLS-Verschl\u00fcsselung. Damit sind Daten, die Sie \u00fcber diese Website \u00fcbermitteln, f\u00fcr Dritte nicht mitlesbar. Sie erkennen eine verschl\u00fcsselte Verbindung an der &#8220;https:\/\/&#8221; Adresszeile Ihres Browsers und am Schloss-Symbol in der Browserzeile.<\/span><\/p>\n<p><span style=\"color: #000000;\"><strong>Server-Log-Dateien<\/strong><\/span><br \/>\n<span style=\"color: #000000;\">In Server-Log-Dateien erhebt und speichert der Provider der Website automatisch Informationen, die Ihr Browser automatisch an uns \u00fcbermittelt. Dies sind:<\/span><\/p>\n<ul>\n<li><span style=\"color: #000000;\">Browsertyp und Browserversion<\/span><\/li>\n<li><span style=\"color: #000000;\">Verwendetes Betriebssystem<\/span><\/li>\n<li><span style=\"color: #000000;\">Referrer URL<\/span><\/li>\n<li><span style=\"color: #000000;\">Hostname des zugreifenden Rechners<\/span><\/li>\n<li><span style=\"color: #000000;\">Uhrzeit der Serveranfrage<\/span><\/li>\n<li><span style=\"color: #000000;\">IP-Adresse<\/span><\/li>\n<\/ul>\n<p><span style=\"color: #000000;\">Es findet keine Zusammenf\u00fchrung dieser Daten mit anderen Datenquellen statt. Grundlage der Datenverarbeitung bildet Art. 6 Abs. 1 lit. b DSGVO, der die Verarbeitung von Daten zur Erf\u00fcllung eines Vertrags oder vorvertraglicher Ma\u00dfnahmen gestattet.<\/span><\/p>\n<p><span style=\"color: #000000;\"><strong>Kontaktformular<\/strong><\/span><br \/>\n<span style=\"color: #000000;\">Per Kontaktformular \u00fcbermittelte Daten werden einschlie\u00dflich Ihrer Kontaktdaten gespeichert, um Ihre Anfrage bearbeiten zu k\u00f6nnen oder um f\u00fcr Anschlussfragen bereitzustehen. Eine Weitergabe dieser Daten findet ohne Ihre Einwilligung nicht statt.<\/span><br \/>\n<span style=\"color: #000000;\">Die Verarbeitung der in das Kontaktformular eingegebenen Daten erfolgt ausschlie\u00dflich auf Grundlage Ihrer Einwilligung (Art. 6 Abs. 1 lit. a DSGVO). Ein Widerruf Ihrer bereits erteilten Einwilligung ist jederzeit m\u00f6glich. F\u00fcr den Widerruf gen\u00fcgt eine formlose Mitteilung per E-Mail. Die Rechtm\u00e4\u00dfigkeit der bis zum Widerruf erfolgten Datenverarbeitungsvorg\u00e4nge bleibt vom Widerruf unber\u00fchrt.<\/span><br \/>\n<span style=\"color: #000000;\">\u00dcber das Kontaktformular \u00fcbermittelte Daten verbleiben bei uns, bis Sie uns zur L\u00f6schung auffordern, Ihre Einwilligung zur Speicherung widerrufen oder keine Notwendigkeit der Datenspeicherung mehr besteht. Zwingende gesetzliche Bestimmungen &#8211; insbesondere Aufbewahrungsfristen &#8211; bleiben unber\u00fchrt.<\/span><\/p>\n<p><span style=\"color: #000000;\"><strong>Speicherdauer von Beitr\u00e4gen und Kommentaren<\/strong><\/span><br \/>\n<span style=\"color: #000000;\">Beitr\u00e4ge und Kommentare sowie damit in Verbindung stehende Daten, wie beispielsweise IP-Adressen, werden gespeichert. Der Inhalt verbleibt auf unserer Website, bis er vollst\u00e4ndig gel\u00f6scht wurde oder aus rechtlichen Gr\u00fcnden gel\u00f6scht werden musste.<\/span><br \/>\n<span style=\"color: #000000;\">Die Speicherung der Beitr\u00e4ge und Kommentare erfolgt auf Grundlage Ihrer Einwilligung (Art. 6 Abs. 1 lit. a DSGVO). Ein Widerruf Ihrer bereits erteilten Einwilligung ist jederzeit m\u00f6glich. F\u00fcr den Widerruf gen\u00fcgt eine formlose Mitteilung per E-Mail. Die Rechtm\u00e4\u00dfigkeit bereits erfolgter Datenverarbeitungsvorg\u00e4nge bleibt vom Widerruf unber\u00fchrt.<\/span><\/p>\n<p><span style=\"color: #000000;\"><strong>Cookies<\/strong><\/span><br \/>\n<span style=\"color: #000000;\">Unsere Website verwendet Cookies. Das sind kleine Textdateien, die Ihr Webbrowser auf Ihrem Endger\u00e4t speichert. Cookies helfen uns dabei, unser Angebot nutzerfreundlicher, effektiver und sicherer zu machen.<\/span><br \/>\n<span style=\"color: #000000;\">Einige Cookies sind &#8220;Session-Cookies&#8221;.\u009d Solche Cookies werden nach Ende Ihrer Browser-Sitzung von selbst gel\u00f6scht. Hingegen bleiben andere Cookies auf Ihrem Endger\u00e4t bestehen, bis Sie diese selbst l\u00f6schen. Solche Cookies helfen uns, Sie bei R\u00fcckkehr auf unserer Website wiederzuerkennen.<\/span><br \/>\n<span style=\"color: #000000;\">Mit einem modernen Webbrowser k\u00f6nnen Sie das Setzen von Cookies \u00fcberwachen, einschr\u00e4nken oder unterbinden. Viele Webbrowser lassen sich so konfigurieren, dass Cookies mit dem Schlie\u00dfen des Programms von selbst gel\u00f6scht werden. Die Deaktivierung von Cookies kann eine eingeschr\u00e4nkte Funktionalit\u00e4t unserer Website zur Folge haben.<\/span><br \/>\n<span style=\"color: #000000;\">Das Setzen von Cookies, die zur Aus\u00fcbung elektronischer Kommunikationsvorg\u00e4nge oder der Bereitstellung bestimmter, von Ihnen erw\u00fcnschter Funktionen (z.B. Warenkorb) notwendig sind, erfolgt auf Grundlage von Art. 6 Abs. 1 lit. f DSGVO. Als Betreiber dieser Website haben wir ein berechtigtes Interesse an der Speicherung von Cookies zur technisch fehlerfreien und reibungslosen Bereitstellung unserer Dienste. Sofern die Setzung anderer Cookies (z.B. f\u00fcr Analyse-Funktionen) erfolgt, werden diese in dieser Datenschutzerkl\u00e4rung separat behandelt.<\/span><\/p>\n<h6><span style=\"font-size: 8px; color: #000000;\">Quelle: Datenschutz-Konfigurator von<a href=\"http:\/\/mein-datenschutzbeauftragter.de\"> mein-datenschutzbeauftragter.de<\/a><\/span><\/h6>\n","protected":false},"excerpt":{"rendered":"<p>Allgemeiner Hinweis und Pflichtinformationen Benennung der verantwortlichen Stelle Die verantwortliche Stelle f\u00fcr die Datenverarbeitung auf dieser Website ist: Balance Beatrice Schmidt Hollerstr. 122 24782 B\u00fcdelsdorf Die verantwortliche Stelle entscheidet allein oder gemeinsam mit anderen \u00fcber die Zwecke und Mittel der [&hellip;]<\/p>\n","protected":false},"author":2,"featured_media":0,"parent":0,"menu_order":0,"comment_status":"closed","ping_status":"closed","template":"","meta":{"footnotes":""},"class_list":["post-24","page","type-page","status-publish","hentry"],"_links":{"self":[{"href":"https:\/\/tanz-mit-balance.de\/index.php?rest_route=\/wp\/v2\/pages\/24","targetHints":{"allow":["GET"]}}],"collection":[{"href":"https:\/\/tanz-mit-balance.de\/index.php?rest_route=\/wp\/v2\/pages"}],"about":[{"href":"https:\/\/tanz-mit-balance.de\/index.php?rest_route=\/wp\/v2\/types\/page"}],"author":[{"embeddable":true,"href":"https:\/\/tanz-mit-balance.de\/index.php?rest_route=\/wp\/v2\/users\/2"}],"replies":[{"embeddable":true,"href":"https:\/\/tanz-mit-balance.de\/index.php?rest_route=%2Fwp%2Fv2%2Fcomments&post=24"}],"version-history":[{"count":13,"href":"https:\/\/tanz-mit-balance.de\/index.php?rest_route=\/wp\/v2\/pages\/24\/revisions"}],"predecessor-version":[{"id":190,"href":"https:\/\/tanz-mit-balance.de\/index.php?rest_route=\/wp\/v2\/pages\/24\/revisions\/190"}],"wp:attachment":[{"href":"https:\/\/tanz-mit-balance.de\/index.php?rest_route=%2Fwp%2Fv2%2Fmedia&parent=24"}],"curies":[{"name":"wp","href":"https:\/\/api.w.org\/{rel}","templated":true}]}}