{"id":82,"date":"2020-03-28T04:54:10","date_gmt":"2020-03-28T11:54:10","guid":{"rendered":"http:\/\/tanz-mit-balance.de\/?page_id=82"},"modified":"2020-05-07T14:32:33","modified_gmt":"2020-05-07T21:32:33","slug":"balance-stellt-sich-vor","status":"publish","type":"page","link":"https:\/\/tanz-mit-balance.de\/?page_id=82","title":{"rendered":"In Balance"},"content":{"rendered":"<p>Tanz ist ein magischer Moment, mit dem man alles ausdr\u00fccken kann, was einen bewegt.<br \/>\nTanz ist Bewegung.<\/p>\n<p>Balance vermittelt Freude an Tanz und Bewegung und das Feingef\u00fchl f\u00fcr Balance und Koordination.<\/p>\n","protected":false},"excerpt":{"rendered":"<p>Tanz ist ein magischer Moment, mit dem man alles ausdr\u00fccken kann, was einen bewegt. Tanz ist Bewegung. Balance vermittelt Freude an Tanz und Bewegung und das Feingef\u00fchl f\u00fcr Balance und Koordination.<\/p>\n","protected":false},"author":2,"featured_media":0,"parent":0,"menu_order":0,"comment_status":"closed","ping_status":"closed","template":"","meta":{"footnotes":""},"class_list":["post-82","page","type-page","status-publish","hentry"],"_links":{"self":[{"href":"https:\/\/tanz-mit-balance.de\/index.php?rest_route=\/wp\/v2\/pages\/82","targetHints":{"allow":["GET"]}}],"collection":[{"href":"https:\/\/tanz-mit-balance.de\/index.php?rest_route=\/wp\/v2\/pages"}],"about":[{"href":"https:\/\/tanz-mit-balance.de\/index.php?rest_route=\/wp\/v2\/types\/page"}],"author":[{"embeddable":true,"href":"https:\/\/tanz-mit-balance.de\/index.php?rest_route=\/wp\/v2\/users\/2"}],"replies":[{"embeddable":true,"href":"https:\/\/tanz-mit-balance.de\/index.php?rest_route=%2Fwp%2Fv2%2Fcomments&post=82"}],"version-history":[{"count":4,"href":"https:\/\/tanz-mit-balance.de\/index.php?rest_route=\/wp\/v2\/pages\/82\/revisions"}],"predecessor-version":[{"id":419,"href":"https:\/\/tanz-mit-balance.de\/index.php?rest_route=\/wp\/v2\/pages\/82\/revisions\/419"}],"wp:attachment":[{"href":"https:\/\/tanz-mit-balance.de\/index.php?rest_route=%2Fwp%2Fv2%2Fmedia&parent=82"}],"curies":[{"name":"wp","href":"https:\/\/api.w.org\/{rel}","templated":true}]}}